{"id":3010,"date":"2021-09-28T16:41:43","date_gmt":"2021-09-28T14:41:43","guid":{"rendered":"https:\/\/paludiers.geek-tonic.dev\/camping-groupe-batz-sur-mer\/"},"modified":"2024-04-29T15:01:49","modified_gmt":"2024-04-29T13:01:49","slug":"campingplatz-gruppe-batz-sur-mer","status":"publish","type":"page","link":"https:\/\/paludiers.geek-tonic.dev\/de\/campingplatz-gruppe-batz-sur-mer\/","title":{"rendered":"Der Campingplatz: Gruppen und Betriebsr\u00e4te"},"content":{"rendered":"<section id=\"ls-section-block_9b2be732dcabdef6a652020895bf450a\" class=\"ls-section  page-one has-background has-color-4-background-color has-m-t m-t-0 has-m-b m-b-0 has-p-t p-t-14 has-p-b p-b-14\" >\r\n        <div class=\"container container--wide\">\r\n        \n\n<div class=\"wp-block-columns are-vertically-aligned-center is-layout-flex wp-container-core-columns-is-layout-1 wp-block-columns-is-layout-flex\">\n<div class=\"wp-block-column is-vertically-aligned-center animated fadeInLeft delay-100ms slow is-layout-flow wp-block-column-is-layout-flow\" style=\"flex-basis:45%\">\n<figure class=\"wp-block-image size-full\"><a href=\"https:\/\/paludiers.geek-tonic.dev\/wp-content\/uploads\/sites\/20\/2021\/11\/camping-accueil-groupe-batz-sur-mer.jpg\"><img decoding=\"async\" width=\"1200\" height=\"800\" src=\"https:\/\/paludiers.geek-tonic.dev\/wp-content\/uploads\/sites\/20\/2021\/11\/camping-accueil-groupe-batz-sur-mer.jpg\" alt=\"camping accueil groupe batz sur mer\" class=\"wp-image-737\" srcset=\"https:\/\/paludiers.geek-tonic.dev\/wp-content\/uploads\/sites\/20\/2021\/11\/camping-accueil-groupe-batz-sur-mer.jpg 1200w, https:\/\/paludiers.geek-tonic.dev\/wp-content\/uploads\/sites\/20\/2021\/11\/camping-accueil-groupe-batz-sur-mer-300x200.jpg 300w, https:\/\/paludiers.geek-tonic.dev\/wp-content\/uploads\/sites\/20\/2021\/11\/camping-accueil-groupe-batz-sur-mer-1024x683.jpg 1024w, https:\/\/paludiers.geek-tonic.dev\/wp-content\/uploads\/sites\/20\/2021\/11\/camping-accueil-groupe-batz-sur-mer-768x512.jpg 768w\" sizes=\"(max-width: 1200px) 100vw, 1200px\" \/><\/a><\/figure>\n<\/div>\n\n\n\n<div class=\"wp-block-column is-vertically-aligned-center animated fadeInRight slow is-layout-flow wp-block-column-is-layout-flow\" style=\"flex-basis:55%\">\n<h1 class=\"ls__heading wp-block-heading has-text-align-left\">Campingplatz f\u00fcr Gruppen in Batz-sur-Mer<\/h1>\n\n\n\n<h2 class=\"ls__heading wp-block-heading\">Unsere Gruppenangebote in Loire-Atlantique<\/h2>\n\n\n\n<p class=\"ls-paragraph ls__paragraph\">W\u00e4hlen Sie unseren <a href=\"https:\/\/de.camping-paludiers.com\/\">4-Sterne-Campingplatz in Batz-sur-Mer<\/a> f\u00fcr Ihre Gruppenreise. <strong>\n  <span style=\"background-color:rgba(0, 0, 0, 0)\" class=\"has-inline-color has-color-1-color\">Gruppenaufenthalt<\/span>\n<\/strong>. Road Trip mit Freunden, <strong>\n  <span style=\"background-color:rgba(0, 0, 0, 0)\" class=\"has-inline-color has-color-1-color\">Familientreffen<\/span>\n<\/strong>Herausforderungen <strong>\n  <span style=\"background-color:rgba(0, 0, 0, 0)\" class=\"has-inline-color has-color-1-color\">unter Sportlern<\/span>\n<\/strong> oder im Beruf <strong>\n  <span style=\"background-color:rgba(0, 0, 0, 0)\" class=\"has-inline-color has-color-1-color\">Beruflich<\/span>\n<\/strong>Unser Campingplatz wird Ihnen die am besten geeignete Formel f\u00fcr Ihren Urlaub anbieten. <strong>\n  <span style=\"background-color:rgba(0, 0, 0, 0)\" class=\"has-inline-color has-color-1-color\">f\u00fcr einen gemeinsamen Aufenthalt.<\/span>\n<\/strong>.  <\/p>\n\n\n\n<p class=\"ls-paragraph ls__paragraph\">Sie bevorzugen <strong>\n  <mark style=\"background-color:rgba(0, 0, 0, 0)\" class=\"has-inline-color has-color-1-color\">in der Nebensaison reisen<\/mark>\n<\/strong> ? <strong>\n  <mark style=\"background-color:rgba(0, 0, 0, 0)\" class=\"has-inline-color has-color-1-color\">Mieten Sie einen Stellplatz f\u00fcr eine Nacht.<\/mark>\n<\/strong> oder ein <a href=\"https:\/\/de.camping-paludiers.com\/vermietung-standort-batz-sur-mer\/\">Mobilheim in Batz-sur-Mer<\/a> ab zwei N\u00e4chten mit wahlweise der <strong>\n  <mark style=\"background-color:rgba(0, 0, 0, 0)\" class=\"has-inline-color has-color-1-color\">Halbpension<\/mark>\n<\/strong> oder <strong>\n  <mark style=\"background-color:rgba(0, 0, 0, 0)\" class=\"has-inline-color has-color-1-color\">Vollpension<\/mark>\n<\/strong>. Je nach Ihren W\u00fcnschen k\u00f6nnen wir Ihnen gegen einen Aufpreis einen Hotelservice mit Bettw\u00e4sche, Handt\u00fcchern, Pflegeprodukten und Reinigung anbieten.<\/p>\n\n\n\n<p class=\"ls-paragraph ls__paragraph\">Sportliche Abenteurer, Wanderer, Radfahrer, Motorradfahrer&#8230; bleiben Sie in einer Gruppe auf unserem Campingplatz, der Sie gerne empf\u00e4ngt und Ihren Aufenthalt so angenehm wie m\u00f6glich gestaltet.<\/p>\n<\/div>\n<\/div>\n\n\r\n    <\/div>\r\n<\/section><section id=\"ls-section-block_e6aa5d52741a95b9ae85b7682e668be2\" class=\"ls-section  mot-gerant has-background has-color-4-background-color has-m-t m-t-0 has-m-b m-b-0 has-p-t p-t-0 has-p-b p-b-8\" >\r\n        <div class=\"container \">\r\n        \n\n<div class=\"wp-block-columns has-color-white-background-color has-background is-layout-flex wp-container-core-columns-is-layout-3 wp-block-columns-is-layout-flex\">\n<div class=\"wp-block-column animated fadeInRight delay-100ms slow is-layout-flow wp-block-column-is-layout-flow\" style=\"flex-basis:33.33%\">\n<div class=\"wp-block-columns block-bienvenue is-layout-flex wp-container-core-columns-is-layout-2 wp-block-columns-is-layout-flex\">\n<div class=\"wp-block-column has-color-1-background-color has-background is-layout-flow wp-block-column-is-layout-flow\">\n<figure class=\"wp-block-image size-large is-resized\"><img decoding=\"async\" src=\"https:\/\/paludiers.geek-tonic.dev\/wp-content\/uploads\/sites\/20\/2022\/08\/cyril-png-36.png\" alt=\"Cyril Gesch&#xE4;ftsf&#xFC;hrer Campingplatz Batz-sur-Mer\" style=\"aspect-ratio:1;object-fit:contain;width:auto;height:150px\"\/><\/figure>\n<\/div>\n<\/div>\n\n\n\n<div id=\"ls-heading ls-titre-div-block_b3d197a0f2666c6931ea7af7d7e32a0a\" class=\"ls-titre-div titre-citation h1-like\" >\n    Ein Wort von Cyril, dem <em>Verwalter des Campingplatzes<\/em><\/div>\n<\/div>\n\n\n\n<div class=\"wp-block-column is-vertically-aligned-center is-layout-flow wp-block-column-is-layout-flow\" style=\"flex-basis:66.66%\">\n<p class=\"ls-paragraph has-color-7-color has-text-color has-link-color wp-elements-d8e3967a2c6c5cb587de65b148d71aff\">&#8220;  <em>Unternehmen, gro\u00dfe Familien und Gruppen von Freunden sind auf dem Campingplatz Les Paludiers herzlich willkommen. Es gibt verschiedene M\u00f6glichkeiten, um den Bed\u00fcrfnissen jedes Einzelnen gerecht zu werden. Z\u00f6gern Sie nicht, unser Team zu kontaktieren, das Ihnen bei der Auswahl Ihrer Unterk\u00fcnfte behilflich sein wird.<\/em>  &#8222;<\/p>\n<\/div>\n<\/div>\n\n\r\n    <\/div>\r\n<\/section><section id=\"ls-section-block_344199cc46f1bd5c085a3a5c5a52124a\" class=\"ls-section  page-one has-background has-color-white-background-color has-m-t m-t-0 has-m-b m-b-0 has-p-t p-t-14\" >\r\n        <div class=\"container container--wide\">\r\n        \n\n<div class=\"wp-block-columns are-vertically-aligned-center is-layout-flex wp-container-core-columns-is-layout-4 wp-block-columns-is-layout-flex\">\n<div class=\"wp-block-column is-vertically-aligned-center first  animated fadeInLeft slow is-layout-flow wp-block-column-is-layout-flow\" style=\"flex-basis:55%\">\n<h2 class=\"ls__heading wp-block-heading\"><strong>Unsere ESC-Formeln<\/strong> in Batz-sur-Mer<\/h2>\n\n\n\n<p class=\"ls-paragraph ls__paragraph\">Sie sind gew\u00e4hlter Vertreter eines Unternehmens <strong>\n  <span class=\"has-inline-color has-color-1-color\">Unternehmens<\/span>\n<\/strong> oder einer <strong>\n  <span class=\"has-inline-color has-color-1-color\">Gemeinde<\/span>\n<\/strong> ? Bieten Sie einen <strong>\n  <span class=\"has-inline-color has-color-1-color\">Campingplatz mit beheiztem Schwimmbad<\/span>\n<\/strong>Der Campingplatz ist ideal f\u00fcr Gruppen. Ihre Mitarbeiter werden von den vielen Vorteilen unseres Campingplatzes begeistert sein. <strong>\n  <span class=\"has-inline-color has-color-1-color\">Campingplatz am Meer<\/span>\n<\/strong>. Je nach Ihren Bed\u00fcrfnissen und Ihrer Struktur k\u00f6nnen Sie sich f\u00fcr eine der folgenden Optionen entscheiden <strong>\n  <span class=\"has-inline-color has-color-1-color\">Allokationsformeln<\/span>\n<\/strong> oder linear mit g\u00fcnstigen Preisen. <strong>\n  <span class=\"has-inline-color has-color-1-color\">mit wettbewerbsf\u00e4higen Preisen und Rabatten.<\/span>\n<\/strong> und legen Sie die gew\u00fcnschte Dauer fest.<\/p>\n\n\n\n<p class=\"ls-paragraph ls__paragraph\">Wir stehen Ihnen gerne zur Verf\u00fcgung, um Ihnen alle notwendigen Informationen \u00fcber unseren Campingplatz zu geben und um Ihnen eine Partnerschaft anzubieten. <strong>\n  <span class=\"has-inline-color has-color-1-color\">Partnerschaft f\u00fcr ein Jahr oder l\u00e4nger anzubieten.<\/span>\n<\/strong>.<\/p>\n\n\n\n<div class=\"ls-lire-plus\">\n    <input id=\"ls-lire-plus-block_b128a08a037e7c37b94ef7e6ac2688ca69e7caa263f32\" type=\"checkbox\" class=\"ls-lire-plus__toggle\"  \/>\n    <label for=\"ls-lire-plus-block_b128a08a037e7c37b94ef7e6ac2688ca69e7caa263f32\" class=\"ls-lire-plus__toggle-label\">\n        <span>Lire plus<\/span>\n        <span>Lire moins<\/span>\n    <\/label>\n    <div class=\"ls-lire-plus__content\">\n        \n\n<p class=\"ls-paragraph\">Es ist m\u00f6glich, in unserem Vertrag \u00fcber die Zusammenarbeit einen Zeitraum von 2 Tagen zu vereinbaren. <strong>\n  <span class=\"has-inline-color has-color-1-color\">Aufenthalte von 2 aufeinanderfolgenden N\u00e4chten in der Ferienunterkunft<\/span>\n<\/strong> in der Nebensaison mit t\u00e4glicher Anreise und Aufenthalte mit t\u00e4glicher Anreise. <strong>\n  <span class=\"has-inline-color has-color-1-color\">Aufenthalte von mindestens 7 N\u00e4chten mit einem festen Anreisetag nach Wahl.<\/span>\n<\/strong>Sie k\u00f6nnen auch einen festen Anreisetag w\u00e4hlen, z.B. Samstag oder Sonntag.<\/p>\n\n\n\n<p class=\"ls-paragraph\">M\u00f6chten Sie einen bestimmten <a href=\"https:\/\/de.camping-paludiers.com\/vermietung-standort-batz-sur-mer\/\">Standort mieten<\/a>? Unsere Teams werden alles tun, um die ideale Nummer f\u00fcr Ihre Angestellten oder Beg\u00fcnstigten zu finden, indem sie Ihnen unsere <a href=\"https:\/\/de.camping-paludiers.com\/campingplatz-werbeaktionen-batz-sur-mer\/\">g\u00fcnstigen Mietpreise<\/a> und Sonderangebote anbieten.  <\/p>\n\n\n\n<p class=\"ls-paragraph ls__paragraph\">Sie haben uns vertraut: CE TRISKALIA, CE POLYREY, COS PAYS DE LA LOIRE, COS DU MANS, COS VILLE DE BESAN\u00c7ON, IDEA, CCE UES SAUR, CE TELEGRAMME, CE YOPLAIT.<\/p>\n\n\n\n<p class=\"ls-paragraph ls__paragraph\"><strong><span class=\"has-inline-color has-color-1-color\">Kontaktieren Sie unser Team in Les Paludiers direkt f\u00fcr eine zuk\u00fcnftige Zusammenarbeit<\/span>.<\/strong><\/p>\n\n        <div class=\"ls-lire-plus__gradient\" style=\"background: linear-gradient(to bottom,rgba(255,255,255,0) 0%,rgba(255,255,255,1) 100%);\"><\/div>\n    <\/div>\n<\/div><\/div>\n\n\n\n<div class=\"wp-block-column is-vertically-aligned-center second animated fadeInRight delay-100ms slow is-layout-flow wp-block-column-is-layout-flow\" style=\"flex-basis:45%\">\n<figure class=\"wp-block-image size-full\"><a href=\"https:\/\/paludiers.geek-tonic.dev\/wp-content\/uploads\/sites\/20\/2024\/04\/0-950619-rotated.jpg\"><img decoding=\"async\" width=\"930\" height=\"768\" src=\"https:\/\/paludiers.geek-tonic.dev\/wp-content\/uploads\/sites\/20\/2024\/04\/0-950619-rotated.jpg\" alt=\"camping in gruppe batz sur mer\" class=\"wp-image-14361\" srcset=\"https:\/\/paludiers.geek-tonic.dev\/wp-content\/uploads\/sites\/20\/2024\/04\/0-950619-rotated.jpg 930w, https:\/\/paludiers.geek-tonic.dev\/wp-content\/uploads\/sites\/20\/2024\/04\/0-950619-300x248.jpg 300w, https:\/\/paludiers.geek-tonic.dev\/wp-content\/uploads\/sites\/20\/2024\/04\/0-950619-768x634.jpg 768w\" sizes=\"(max-width: 930px) 100vw, 930px\" \/><\/a><\/figure>\n<\/div>\n<\/div>\n\n\r\n    <\/div>\r\n<\/section><section id=\"ls-section-block_e3f5899966ca68d60ed5df8551257044\" class=\"ls-section  page-maillage experience has-m-t m-t-0 has-p-t p-t-10\" >\r\n        <div class=\"container container--wide\">\r\n        \n\n<div id=\"ls-heading ls-titre-div-block_e662836227223eb040ea9d9f0af6218a\" class=\"ls-titre-div aligncenter h2-like\" >\n    <strong>Entdecken Sie unsere<\/strong> Dienstleistungen, unser Restaurant und den Wasserpark<\/div>\n\n\n<div id=\"ls-maillage-block_89db62c1cdcd1972545300e6d0b69963\" class=\"ls-maillage cta-style-normal\" data-rows=\"3\">\n    <div class=\"wp-block-columns\"><div class=\"wp-block-column\"><div id=\"destinations\" class=\"ls-cta\">\n\n<a href=\"https:\/\/paludiers.geek-tonic.dev\/de\/wiederherstellung-batz-sur-mer\/\" target=\"\" rel=\"noopener\" class=\"ls-cta__link\">\n\n\t<div class=\"ls-cta__image\"><img decoding=\"async\" src=\"https:\/\/paludiers.geek-tonic.dev\/wp-content\/uploads\/sites\/20\/2021\/11\/camping-snack-bar-guerande.jpg\" alt=\"camping snack bar guerande\"><\/div>\n\t<div class=\"ls-cta__title\">\n\t\tRestaurant\t<\/div>\n\n\t\t\n<\/a><\/div><\/div><div class=\"wp-block-column\"><div id=\"destinations\" class=\"ls-cta\">\n\n<a href=\"https:\/\/paludiers.geek-tonic.dev\/de\/campingplatz-familien-batz-sur-mer\/\" target=\"\" rel=\"noopener\" class=\"ls-cta__link\">\n\n\t<div class=\"ls-cta__image\"><img decoding=\"async\" src=\"https:\/\/paludiers.geek-tonic.dev\/wp-content\/uploads\/sites\/20\/2021\/11\/camping-location-velo-batz-sur-mer.jpg\" alt=\"camping vermietung velo batz sur mer\"><\/div>\n\t<div class=\"ls-cta__title\">\n\t\tDienste\t<\/div>\n\n\t\t\n<\/a><\/div><\/div><div class=\"wp-block-column\"><div id=\"destinations\" class=\"ls-cta\">\n\n<a href=\"https:\/\/paludiers.geek-tonic.dev\/de\/campingplatz-wasserpark-batz-sur-mer\/\" target=\"\" rel=\"noopener\" class=\"ls-cta__link\">\n\n\t<div class=\"ls-cta__image\"><img decoding=\"async\" src=\"https:\/\/paludiers.geek-tonic.dev\/wp-content\/uploads\/sites\/20\/2021\/11\/camping-piscine-couverte-batz-sur-mer.jpg\" alt=\"Campingplatz Hallenbad Batz sur Mer\"><\/div>\n\t<div class=\"ls-cta__title\">\n\t\tUnser Wasserpark\t<\/div>\n\n\t\t\n<\/a><\/div><\/div><\/div><\/div>\n\r\n    <\/div>\r\n<\/section>","protected":false},"excerpt":{"rendered":"","protected":false},"author":1,"featured_media":2502,"parent":0,"menu_order":0,"comment_status":"closed","ping_status":"closed","template":"","meta":{"_acf_changed":false,"footnotes":""},"sujet":[],"class_list":["post-3010","page","type-page","status-publish","has-post-thumbnail","hentry"],"acf":[],"yoast_head":"<!-- This site is optimized with the Yoast SEO plugin v23.9 - https:\/\/yoast.com\/wordpress\/plugins\/seo\/ -->\n<title>Gruppenunterkunft in Batz-sur-Mer | Gruppenreisen Loire-Atlantique<\/title>\n<meta name=\"robots\" content=\"noindex, follow, max-snippet:-1, max-image-preview:large, max-video-preview:-1\" \/>\n<meta property=\"og:locale\" content=\"de_DE\" \/>\n<meta property=\"og:type\" content=\"article\" \/>\n<meta property=\"og:title\" content=\"Gruppenunterkunft in Batz-sur-Mer | Gruppenreisen Loire-Atlantique\" \/>\n<meta property=\"og:url\" content=\"https:\/\/paludiers.geek-tonic.dev\/de\/campingplatz-gruppe-batz-sur-mer\/\" \/>\n<meta property=\"og:site_name\" content=\"Camping Les Paludiers\" \/>\n<meta property=\"article:modified_time\" content=\"2024-04-29T13:01:49+00:00\" \/>\n<meta property=\"og:image\" content=\"https:\/\/paludiers.geek-tonic.dev\/wp-content\/uploads\/sites\/20\/2022\/04\/camping-famille-tourisme.jpg\" \/>\n\t<meta property=\"og:image:width\" content=\"1900\" \/>\n\t<meta property=\"og:image:height\" content=\"700\" \/>\n\t<meta property=\"og:image:type\" content=\"image\/jpeg\" \/>\n<meta name=\"twitter:card\" content=\"summary_large_image\" \/>\n<meta name=\"twitter:label1\" content=\"Gesch\u00e4tzte Lesezeit\" \/>\n\t<meta name=\"twitter:data1\" content=\"3\u00a0Minuten\" \/>\n<script type=\"application\/ld+json\" class=\"yoast-schema-graph\">{\"@context\":\"https:\/\/schema.org\",\"@graph\":[{\"@type\":\"WebPage\",\"@id\":\"https:\/\/paludiers.geek-tonic.dev\/de\/campingplatz-gruppe-batz-sur-mer\/\",\"url\":\"https:\/\/paludiers.geek-tonic.dev\/de\/campingplatz-gruppe-batz-sur-mer\/\",\"name\":\"Gruppenunterkunft in Batz-sur-Mer | Gruppenreisen Loire-Atlantique\",\"isPartOf\":{\"@id\":\"https:\/\/paludiers.geek-tonic.dev\/de\/#website\"},\"primaryImageOfPage\":{\"@id\":\"https:\/\/paludiers.geek-tonic.dev\/de\/campingplatz-gruppe-batz-sur-mer\/#primaryimage\"},\"image\":{\"@id\":\"https:\/\/paludiers.geek-tonic.dev\/de\/campingplatz-gruppe-batz-sur-mer\/#primaryimage\"},\"thumbnailUrl\":\"https:\/\/paludiers.geek-tonic.dev\/wp-content\/uploads\/sites\/20\/2022\/04\/camping-famille-tourisme.jpg\",\"datePublished\":\"2021-09-28T14:41:43+00:00\",\"dateModified\":\"2024-04-29T13:01:49+00:00\",\"breadcrumb\":{\"@id\":\"https:\/\/paludiers.geek-tonic.dev\/de\/campingplatz-gruppe-batz-sur-mer\/#breadcrumb\"},\"inLanguage\":\"de\",\"potentialAction\":[{\"@type\":\"ReadAction\",\"target\":[\"https:\/\/paludiers.geek-tonic.dev\/de\/campingplatz-gruppe-batz-sur-mer\/\"]}]},{\"@type\":\"ImageObject\",\"inLanguage\":\"de\",\"@id\":\"https:\/\/paludiers.geek-tonic.dev\/de\/campingplatz-gruppe-batz-sur-mer\/#primaryimage\",\"url\":\"https:\/\/paludiers.geek-tonic.dev\/wp-content\/uploads\/sites\/20\/2022\/04\/camping-famille-tourisme.jpg\",\"contentUrl\":\"https:\/\/paludiers.geek-tonic.dev\/wp-content\/uploads\/sites\/20\/2022\/04\/camping-famille-tourisme.jpg\",\"width\":1900,\"height\":700,\"caption\":\"Camping Familie Tourismus\"},{\"@type\":\"BreadcrumbList\",\"@id\":\"https:\/\/paludiers.geek-tonic.dev\/de\/campingplatz-gruppe-batz-sur-mer\/#breadcrumb\",\"itemListElement\":[{\"@type\":\"ListItem\",\"position\":1,\"name\":\"Campingplatz Loire Atlantique\",\"item\":\"https:\/\/paludiers.geek-tonic.dev\/de\/startseite\/\"},{\"@type\":\"ListItem\",\"position\":2,\"name\":\"Gruppen, Betriebsr\u00e4te in Loire-Atlantique\"}]},{\"@type\":\"WebSite\",\"@id\":\"https:\/\/paludiers.geek-tonic.dev\/de\/#website\",\"url\":\"https:\/\/paludiers.geek-tonic.dev\/de\/\",\"name\":\"Camping Les Paludiers\",\"description\":\"\",\"publisher\":{\"@id\":\"https:\/\/paludiers.geek-tonic.dev\/de\/#organization\"},\"potentialAction\":[{\"@type\":\"SearchAction\",\"target\":{\"@type\":\"EntryPoint\",\"urlTemplate\":\"https:\/\/paludiers.geek-tonic.dev\/de\/?s={search_term_string}\"},\"query-input\":{\"@type\":\"PropertyValueSpecification\",\"valueRequired\":true,\"valueName\":\"search_term_string\"}}],\"inLanguage\":\"de\"},{\"@type\":\"Organization\",\"@id\":\"https:\/\/paludiers.geek-tonic.dev\/de\/#organization\",\"name\":\"Camping Les Paludiers\",\"url\":\"https:\/\/paludiers.geek-tonic.dev\/de\/\",\"logo\":{\"@type\":\"ImageObject\",\"inLanguage\":\"de\",\"@id\":\"https:\/\/paludiers.geek-tonic.dev\/de\/#\/schema\/logo\/image\/\",\"url\":\"https:\/\/paludiers.geek-tonic.dev\/wp-content\/uploads\/sites\/20\/2024\/09\/cropped-logo-Flower-camping-Les-Paludiers.png\",\"contentUrl\":\"https:\/\/paludiers.geek-tonic.dev\/wp-content\/uploads\/sites\/20\/2024\/09\/cropped-logo-Flower-camping-Les-Paludiers.png\",\"width\":500,\"height\":660,\"caption\":\"Camping Les Paludiers\"},\"image\":{\"@id\":\"https:\/\/paludiers.geek-tonic.dev\/de\/#\/schema\/logo\/image\/\"}}]}<\/script>\n<!-- \/ Yoast SEO plugin. -->","yoast_head_json":{"title":"Gruppenunterkunft in Batz-sur-Mer | Gruppenreisen Loire-Atlantique","robots":{"index":"noindex","follow":"follow","max-snippet":"max-snippet:-1","max-image-preview":"max-image-preview:large","max-video-preview":"max-video-preview:-1"},"og_locale":"de_DE","og_type":"article","og_title":"Gruppenunterkunft in Batz-sur-Mer | Gruppenreisen Loire-Atlantique","og_url":"https:\/\/paludiers.geek-tonic.dev\/de\/campingplatz-gruppe-batz-sur-mer\/","og_site_name":"Camping Les Paludiers","article_modified_time":"2024-04-29T13:01:49+00:00","og_image":[{"width":1900,"height":700,"url":"https:\/\/paludiers.geek-tonic.dev\/wp-content\/uploads\/sites\/20\/2022\/04\/camping-famille-tourisme.jpg","type":"image\/jpeg"}],"twitter_card":"summary_large_image","twitter_misc":{"Gesch\u00e4tzte Lesezeit":"3\u00a0Minuten"},"schema":{"@context":"https:\/\/schema.org","@graph":[{"@type":"WebPage","@id":"https:\/\/paludiers.geek-tonic.dev\/de\/campingplatz-gruppe-batz-sur-mer\/","url":"https:\/\/paludiers.geek-tonic.dev\/de\/campingplatz-gruppe-batz-sur-mer\/","name":"Gruppenunterkunft in Batz-sur-Mer | Gruppenreisen Loire-Atlantique","isPartOf":{"@id":"https:\/\/paludiers.geek-tonic.dev\/de\/#website"},"primaryImageOfPage":{"@id":"https:\/\/paludiers.geek-tonic.dev\/de\/campingplatz-gruppe-batz-sur-mer\/#primaryimage"},"image":{"@id":"https:\/\/paludiers.geek-tonic.dev\/de\/campingplatz-gruppe-batz-sur-mer\/#primaryimage"},"thumbnailUrl":"https:\/\/paludiers.geek-tonic.dev\/wp-content\/uploads\/sites\/20\/2022\/04\/camping-famille-tourisme.jpg","datePublished":"2021-09-28T14:41:43+00:00","dateModified":"2024-04-29T13:01:49+00:00","breadcrumb":{"@id":"https:\/\/paludiers.geek-tonic.dev\/de\/campingplatz-gruppe-batz-sur-mer\/#breadcrumb"},"inLanguage":"de","potentialAction":[{"@type":"ReadAction","target":["https:\/\/paludiers.geek-tonic.dev\/de\/campingplatz-gruppe-batz-sur-mer\/"]}]},{"@type":"ImageObject","inLanguage":"de","@id":"https:\/\/paludiers.geek-tonic.dev\/de\/campingplatz-gruppe-batz-sur-mer\/#primaryimage","url":"https:\/\/paludiers.geek-tonic.dev\/wp-content\/uploads\/sites\/20\/2022\/04\/camping-famille-tourisme.jpg","contentUrl":"https:\/\/paludiers.geek-tonic.dev\/wp-content\/uploads\/sites\/20\/2022\/04\/camping-famille-tourisme.jpg","width":1900,"height":700,"caption":"Camping Familie Tourismus"},{"@type":"BreadcrumbList","@id":"https:\/\/paludiers.geek-tonic.dev\/de\/campingplatz-gruppe-batz-sur-mer\/#breadcrumb","itemListElement":[{"@type":"ListItem","position":1,"name":"Campingplatz Loire Atlantique","item":"https:\/\/paludiers.geek-tonic.dev\/de\/startseite\/"},{"@type":"ListItem","position":2,"name":"Gruppen, Betriebsr\u00e4te in Loire-Atlantique"}]},{"@type":"WebSite","@id":"https:\/\/paludiers.geek-tonic.dev\/de\/#website","url":"https:\/\/paludiers.geek-tonic.dev\/de\/","name":"Camping Les Paludiers","description":"","publisher":{"@id":"https:\/\/paludiers.geek-tonic.dev\/de\/#organization"},"potentialAction":[{"@type":"SearchAction","target":{"@type":"EntryPoint","urlTemplate":"https:\/\/paludiers.geek-tonic.dev\/de\/?s={search_term_string}"},"query-input":{"@type":"PropertyValueSpecification","valueRequired":true,"valueName":"search_term_string"}}],"inLanguage":"de"},{"@type":"Organization","@id":"https:\/\/paludiers.geek-tonic.dev\/de\/#organization","name":"Camping Les Paludiers","url":"https:\/\/paludiers.geek-tonic.dev\/de\/","logo":{"@type":"ImageObject","inLanguage":"de","@id":"https:\/\/paludiers.geek-tonic.dev\/de\/#\/schema\/logo\/image\/","url":"https:\/\/paludiers.geek-tonic.dev\/wp-content\/uploads\/sites\/20\/2024\/09\/cropped-logo-Flower-camping-Les-Paludiers.png","contentUrl":"https:\/\/paludiers.geek-tonic.dev\/wp-content\/uploads\/sites\/20\/2024\/09\/cropped-logo-Flower-camping-Les-Paludiers.png","width":500,"height":660,"caption":"Camping Les Paludiers"},"image":{"@id":"https:\/\/paludiers.geek-tonic.dev\/de\/#\/schema\/logo\/image\/"}}]}},"_links":{"self":[{"href":"https:\/\/paludiers.geek-tonic.dev\/de\/wp-json\/wp\/v2\/pages\/3010","targetHints":{"allow":["GET"]}}],"collection":[{"href":"https:\/\/paludiers.geek-tonic.dev\/de\/wp-json\/wp\/v2\/pages"}],"about":[{"href":"https:\/\/paludiers.geek-tonic.dev\/de\/wp-json\/wp\/v2\/types\/page"}],"author":[{"embeddable":true,"href":"https:\/\/paludiers.geek-tonic.dev\/de\/wp-json\/wp\/v2\/users\/1"}],"replies":[{"embeddable":true,"href":"https:\/\/paludiers.geek-tonic.dev\/de\/wp-json\/wp\/v2\/comments?post=3010"}],"version-history":[{"count":12,"href":"https:\/\/paludiers.geek-tonic.dev\/de\/wp-json\/wp\/v2\/pages\/3010\/revisions"}],"predecessor-version":[{"id":14691,"href":"https:\/\/paludiers.geek-tonic.dev\/de\/wp-json\/wp\/v2\/pages\/3010\/revisions\/14691"}],"wp:featuredmedia":[{"embeddable":true,"href":"https:\/\/paludiers.geek-tonic.dev\/de\/wp-json\/wp\/v2\/media\/2502"}],"wp:attachment":[{"href":"https:\/\/paludiers.geek-tonic.dev\/de\/wp-json\/wp\/v2\/media?parent=3010"}],"wp:term":[{"taxonomy":"sujet","embeddable":true,"href":"https:\/\/paludiers.geek-tonic.dev\/de\/wp-json\/wp\/v2\/sujet?post=3010"}],"curies":[{"name":"wp","href":"https:\/\/api.w.org\/{rel}","templated":true}]}}