{"id":3038,"date":"2021-09-28T16:41:18","date_gmt":"2021-09-28T14:41:18","guid":{"rendered":"https:\/\/paludiers.geek-tonic.dev\/restaurant-batz-sur-mer\/"},"modified":"2024-05-30T10:12:35","modified_gmt":"2024-05-30T08:12:35","slug":"wiederherstellung-batz-sur-mer","status":"publish","type":"page","link":"https:\/\/paludiers.geek-tonic.dev\/de\/wiederherstellung-batz-sur-mer\/","title":{"rendered":"Der Campingplatz: Restaurant"},"content":{"rendered":"<section id=\"ls-section-block_89b1865b9b6b65115a9ed53774d5ff7a\" class=\"ls-section  page-one has-background has-color-4-background-color has-m-t m-t-0 has-m-b m-b-0 has-p-t p-t-14 has-p-b p-b-14\" >\r\n        <div class=\"container container--wide\">\r\n        \n\n<div class=\"wp-block-columns are-vertically-aligned-center is-layout-flex wp-container-core-columns-is-layout-1 wp-block-columns-is-layout-flex\">\n<div class=\"wp-block-column is-vertically-aligned-center animated fadeInLeft delay-100ms slow is-layout-flow wp-block-column-is-layout-flow\" style=\"flex-basis:45%\">\n<figure class=\"wp-block-image size-large\"><a href=\"https:\/\/paludiers.geek-tonic.dev\/wp-content\/uploads\/sites\/20\/2021\/11\/camping-bar-avec-terrasse-guerande-1024x683.jpg\"><img decoding=\"async\" src=\"https:\/\/paludiers.geek-tonic.dev\/wp-content\/uploads\/sites\/20\/2021\/11\/camping-bar-avec-terrasse-guerande-1024x683.jpg\" alt=\"campingplatz schwimmbad rutsche loix\"\/><\/a><\/figure>\n<\/div>\n\n\n\n<div class=\"wp-block-column is-vertically-aligned-center animated fadeInRight slow is-layout-flow wp-block-column-is-layout-flow\" style=\"flex-basis:55%\">\n<h1 class=\"ls__heading wp-block-heading has-text-align-left\">Unser Restaurant in Loire-Atlantique<\/h1>\n\n\n\n<h2 class=\"ls__heading wp-block-heading\">Restaurant mit Terrasse in Batz-sur-Mer<\/h2>\n\n\n\n<p class=\"ls-paragraph ls__paragraph\">Genie\u00dfen Sie den Augenblick in unserem Restaurant in Batz-sur-Mer direkt neben dem <a href=\"https:\/\/de.camping-paludiers.com\/campingplatz-wasserpark-batz-sur-mer\/\">beheizten und \u00fcberdachten Schwimmbad<\/a> unseres Campingplatzes. La <strong>\n  <span style=\"background-color:rgba(0, 0, 0, 0)\" class=\"has-inline-color has-color-1-color\">Guinguette-Terrasse<\/span>\n<\/strong> Die einladende Terrasse wird Sie begeistern. Kommen Sie und entspannen Sie sich auf einem unserer Korbm\u00f6bel. <strong>\n  <span style=\"background-color:rgba(0, 0, 0, 0)\" class=\"has-inline-color has-color-1-color\">Sofas aus Weidengeflecht.<\/span>\n<\/strong> und entspannen Sie sich die ganze Saison \u00fcber! In diesem <strong>\n  <span style=\"background-color:rgba(0, 0, 0, 0)\" class=\"has-inline-color has-color-1-color\">gem\u00fctlichen Raum<\/span>\n<\/strong> und gem\u00fctlichen Umgebung k\u00f6nnen Ihre Kinder den Spielplatz und die H\u00fcpfburg in der N\u00e4he nutzen.<\/p>\n\n\n\n<p class=\"ls-paragraph ls__paragraph\">W\u00e4hrend Ihres Urlaubs auf unserem Campingplatz auf der Halbinsel Gu\u00e9rande steht Ihnen das Team des Restaurants, der Snackbar und der Bar zur Verf\u00fcgung, um Ihnen angenehme Momente zu bereiten. Teilen Sie ein Erlebnis <strong>\n  <span style=\"background-color:rgba(0, 0, 0, 0)\" class=\"has-inline-color has-color-1-color\">Gourmet-Erlebnis<\/span>\n<\/strong> mit Ihren Lieben auf der Terrasse. <strong>\n  <span style=\"background-color:rgba(0, 0, 0, 0)\" class=\"has-inline-color has-color-1-color\">Terrasse mit B\u00e4umen<\/span>\n<\/strong> oder im offenen Bereich des Restaurants mit Bar und Snacks. Das Unterhaltungsprogramm des Sommers, das um die B\u00fchne herum organisiert ist <strong>\n  <span style=\"background-color:rgba(0, 0, 0, 0)\" class=\"has-inline-color has-color-1-color\">gro\u00dfen B\u00fchne stattfindet.<\/span>\n<\/strong>Die gro\u00dfe B\u00fchne wird Ihre Unterhaltung bereichern. <strong>\n  <span style=\"background-color:rgba(0, 0, 0, 0)\" class=\"has-inline-color has-color-1-color\">Abende auf dem Campingplatz.<\/span>\n<\/strong>. Machen Sie sich mit der Speisekarte vertraut. <strong>\n  <span style=\"background-color:rgba(0, 0, 0, 0)\" class=\"has-inline-color has-color-1-color\">Die Speisekarte des Restaurants<\/span>\n<\/strong>Sie k\u00f6nnen die Speisekarte bereits vor Ihrer Ankunft auf unserem 4-Sterne-Campingplatz mit Restaurant in der N\u00e4he von Le <a href=\"https:\/\/de.camping-paludiers.com\/campingplatz-die-croisic\/\">Croisic<\/a> einsehen und Ihre Bestellungen vorzeitig aufgeben.<\/p>\n<\/div>\n<\/div>\n\n\r\n    <\/div>\r\n<\/section>\n\n<section id=\"ls-section-block_5d4fad838772be8313b26e3b0c9c9aa1\" class=\"ls-section  mot-gerant has-background has-color-4-background-color has-m-t m-t-0 has-m-b m-b-0 has-p-t p-t-0 has-p-b p-b-0\" >\r\n        <div class=\"container \">\r\n        \n\n<div class=\"wp-block-columns has-color-white-background-color has-background is-layout-flex wp-container-core-columns-is-layout-3 wp-block-columns-is-layout-flex\">\n<div class=\"wp-block-column animated fadeInRight delay-100ms slow is-layout-flow wp-block-column-is-layout-flow\" style=\"flex-basis:33.33%\">\n<div class=\"wp-block-columns block-bienvenue is-layout-flex wp-container-core-columns-is-layout-2 wp-block-columns-is-layout-flex\">\n<div class=\"wp-block-column has-color-1-background-color has-background is-layout-flow wp-block-column-is-layout-flow\">\n<figure class=\"wp-block-image size-large is-resized\"><img decoding=\"async\" src=\"https:\/\/paludiers.geek-tonic.dev\/wp-content\/uploads\/sites\/20\/2022\/08\/cyril-png-36.png\" alt=\"cyril\" style=\"aspect-ratio:1;object-fit:contain;width:auto;height:150px\"\/><\/figure>\n<\/div>\n<\/div>\n\n\n\n<div id=\"ls-heading ls-titre-div-block_fbd9aa4e33f95f296689019c60297a33\" class=\"ls-titre-div titre-citation h1-like\" >\n    Ein Wort von Cyril, dem <em>Verwalter des Campingplatzes<\/em><\/div>\n<\/div>\n\n\n\n<div class=\"wp-block-column is-vertically-aligned-center is-layout-flow wp-block-column-is-layout-flow\" style=\"flex-basis:66.66%\">\n<p class=\"ls-paragraph has-color-7-color has-text-color has-link-color wp-elements-9418db455f2fe8ca401a730654d6bc06\"><em>&#8222;Unser Restaurant mit Snackbar empf\u00e4ngt Sie von April bis Oktober, um gesellige Momente mit der Familie oder mit Freunden zu genie\u00dfen. Erfrischen Sie sich mit einem Drink unter unserer Pergola oder genie\u00dfen Sie eine unserer Pizzen in einer gem\u00fctlichen Atmosph\u00e4re.&#8220;<\/em><\/p>\n<\/div>\n<\/div>\n\n\r\n    <\/div>\r\n<\/section>\n\n<section id=\"ls-section-block_bf1615bb0e28336d975fcdd239eb691d\" class=\"ls-section  home-gallery m-b-0 has-background has-color-4-background-color has-m-t m-t-0\" >\r\n        <div class=\"container container--full\">\r\n        \n\n<figure class=\"wp-block-gallery has-nested-images columns-1 is-cropped galerie-slider-container wp-block-gallery-1 is-layout-flex wp-block-gallery-is-layout-flex\">\n<figure class=\"wp-block-image size-large\"><a href=\"https:\/\/paludiers.geek-tonic.dev\/wp-content\/uploads\/sites\/20\/2021\/11\/camping-pizzeria-guerande.jpg\"><img decoding=\"async\" src=\"https:\/\/paludiers.geek-tonic.dev\/wp-content\/uploads\/sites\/20\/2021\/11\/camping-pizzeria-guerande.jpg\" alt=\"campingplatz wasserpark loix\"\/><\/a><\/figure>\n\n\n\n<figure class=\"wp-block-image size-large\"><a href=\"https:\/\/paludiers.geek-tonic.dev\/wp-content\/uploads\/sites\/20\/2021\/11\/camping-bar-avec-terrasse-guerande-1024x683.jpg\"><img decoding=\"async\" src=\"https:\/\/paludiers.geek-tonic.dev\/wp-content\/uploads\/sites\/20\/2021\/11\/camping-bar-avec-terrasse-guerande-1024x683.jpg\" alt=\"Campingplatz Wasserpark Charente Maritime\"\/><\/a><\/figure>\n\n\n\n<figure class=\"wp-block-image size-large\"><a href=\"https:\/\/paludiers.geek-tonic.dev\/wp-content\/uploads\/sites\/20\/2022\/04\/coctails-camping.jpg\"><img decoding=\"async\" src=\"https:\/\/paludiers.geek-tonic.dev\/wp-content\/uploads\/sites\/20\/2022\/04\/coctails-camping.jpg\" alt=\"campingplatz schwimmbad rutsche ile de re\"\/><\/a><\/figure>\n<\/figure>\n\n\r\n    <\/div>\r\n<\/section>\n\n<section id=\"ls-section-block_04c4292b691d07db6b1e67d4740cede9\" class=\"ls-section  page-one aventure has-background has-color-white-background-color\" >\r\n        <div class=\"container container--wide\">\r\n        \n\n<div class=\"wp-block-columns is-layout-flex wp-container-core-columns-is-layout-4 wp-block-columns-is-layout-flex\">\n<div class=\"wp-block-column first animated fadeInLeft delay-100ms slow is-layout-flow wp-block-column-is-layout-flow\" style=\"flex-basis:45%\">\n<figure class=\"wp-block-image size-large\"><a href=\"https:\/\/paludiers.geek-tonic.dev\/wp-content\/uploads\/sites\/20\/2022\/04\/Restaurant-amis-camping.jpg\"><img decoding=\"async\" src=\"https:\/\/paludiers.geek-tonic.dev\/wp-content\/uploads\/sites\/20\/2022\/04\/Restaurant-amis-camping.jpg\" alt=\"campingplatz wasserpark ile de re\"\/><\/a><\/figure>\n<\/div>\n\n\n\n<div class=\"wp-block-column is-vertically-aligned-center second animated fadeInRight slow is-layout-flow wp-block-column-is-layout-flow\" style=\"flex-basis:55%\">\n<h2 class=\"ls__heading wp-block-heading has-text-align-left\">Bar in Loire-Atlantique<\/h2>\n\n\n\n<p class=\"ls-paragraph\">Entspannen Sie sich auf einem der <strong>Korbsofas<\/strong> auf der Terrasse des Restaurants mit Bar und Snack, wo Sie einen <strong>k\u00f6stlichen fruchtigen Cocktail<\/strong> bestellen k\u00f6nnen. Genie\u00dfen Sie die Farben des Himmels, wenn der Abend hereinbricht, w\u00e4hrend Sie es sich mit einem der von unserem Team kreierten Getr\u00e4nke gem\u00fctlich machen.<\/p>\n\n\n\n<p class=\"ls-paragraph\">Verpassen Sie nicht die Aperitifzeit.<strong>\n  <span class=\"has-inline-color has-color-1-color\">einen Aperitif zu genie\u00dfen.<\/span>\n<\/strong> in der Bar unseres 4-Sterne-Campingplatzes nach einem entspannten Tag am Strand Valentin oder einer sportlichen Radtour. Eine <strong>\n  <span class=\"has-inline-color has-color-1-color\">Gourmet-Lust<\/span>\n<\/strong> ? Die <strong>\n  <span class=\"has-inline-color has-color-1-color\">Pizzas<\/span>\n<\/strong> Die Pizzen, die das Restaurant anbietet, verleihen Ihrer Mahlzeit einen gem\u00fctlichen Touch.<\/p>\n<\/div>\n<\/div>\n\n\r\n    <\/div>\r\n<\/section>\n\n<section id=\"ls-section-block_0b7ec33d1b26321e680296af3e9bd10a\" class=\"ls-section  page-one has-background has-color-white-background-color has-m-t m-t-0 has-m-b m-b-0 has-p-t p-t-2\" >\r\n        <div class=\"container container--wide\">\r\n        \n\n<div class=\"wp-block-columns are-vertically-aligned-center is-layout-flex wp-container-core-columns-is-layout-5 wp-block-columns-is-layout-flex\">\n<div class=\"wp-block-column is-vertically-aligned-center first  animated fadeInLeft slow is-layout-flow wp-block-column-is-layout-flow\" style=\"flex-basis:55%\">\n<h2 class=\"ls__heading wp-block-heading\">Die Karte<\/h2>\n\n\n\n<p class=\"ls-paragraph\">Das Restaurant erf\u00fcllt Ihre W\u00fcnsche nach leichten Speisen oder Gourmetgerichten, egal welchen Alters, um Sie nach dem <a href=\"https:\/\/de.camping-paludiers.com\/campingplatz-anmoderation-batz-sur-mer\/\">Aufstehen<\/a> oder dem Tag im <a href=\"https:\/\/de.camping-paludiers.com\/campingplatz-anmoderation-batz-sur-mer\/\"> Club<\/a> f\u00fcr die Kleinen zu st\u00e4rken. Probieren Sie unbedingt unsere leckeren Burger. <strong><br>  <span style=\"background-color:rgba(0, 0, 0, 0)\" class=\"has-inline-color has-color-1-color\">Burger<\/span><br><\/strong> oder <strong><br>  <span style=\"background-color:rgba(0, 0, 0, 0)\" class=\"has-inline-color has-color-1-color\">Vollkornsalate<\/span><br><\/strong>. Die Feinschmecker unter Ihnen k\u00f6nnen sich auch f\u00fcr eines der folgenden Angebote entscheiden <strong><br>  <span style=\"background-color:rgba(0, 0, 0, 0)\" class=\"has-inline-color has-color-1-color\">Men\u00fcs mit vielen verschiedenen Geschmacksrichtungen<\/span><br><\/strong>Die Speisekarte unseres Restaurants bietet eine gro\u00dfe Auswahl an Gerichten, die Sie sich selbst zusammenstellen k\u00f6nnen. Beenden Sie diesen Moment k\u00fchl oder warm mit einem unserer Getr\u00e4nke. <strong><br>  <span style=\"background-color:rgba(0, 0, 0, 0)\" class=\"has-inline-color has-color-1-color\">Hei\u00dfgetr\u00e4nken.<\/span><br><\/strong>. W\u00e4hlen Sie die Option <strong><br>  <span style=\"background-color:rgba(0, 0, 0, 0)\" class=\"has-inline-color has-color-1-color\">zum Mitnehmen<\/span><br><\/strong> f\u00fcr eine private <a href=\"https:\/\/de.camping-paludiers.com\/vermietung-mobil-home-batz-sur-mer\/\">Verkostung<\/a> in Ihrer Unterkunft oder auf Ihrem <a href=\"https:\/\/de.camping-paludiers.com\/vermietung-standort-batz-sur-mer\/\">Stellplatz<\/a>.<\/p>\n\n\n\n<p class=\"ls-paragraph has-text-align-center has-color-7-color has-text-color has-link-color wp-elements-42f0c76342788eaf8a9cf118033de8dd\"><em>&#8222;Unser Restaurant mit Snackbar empf\u00e4ngt Sie von April bis Oktober, um gesellige Momente mit der Familie oder mit Freunden zu genie\u00dfen. Erfrischen Sie sich mit einem Drink unter unserer Pergola oder genie\u00dfen Sie eine unserer Pizzen in einer gem\u00fctlichen Atmosph\u00e4re.&#8220;<\/em> <\/p>\n\n\n\n<p class=\"ls-paragraph has-text-align-center has-color-7-color has-text-color has-link-color wp-elements-deb8b837b1b7fc0295ff7bc754184105\"><strong>Jacques<\/strong><\/p>\n<\/div>\n\n\n\n<div class=\"wp-block-column is-vertically-aligned-center second animated fadeInRight delay-100ms slow is-layout-flow wp-block-column-is-layout-flow\" style=\"flex-basis:45%\">\n<figure class=\"wp-block-image size-full\"><a href=\"https:\/\/paludiers.geek-tonic.dev\/wp-content\/uploads\/sites\/20\/2022\/04\/burger-camping.jpg\"><img decoding=\"async\" width=\"600\" height=\"400\" src=\"https:\/\/paludiers.geek-tonic.dev\/wp-content\/uploads\/sites\/20\/2022\/04\/burger-camping.jpg\" alt=\"burger camping\" class=\"wp-image-2488\" srcset=\"https:\/\/paludiers.geek-tonic.dev\/wp-content\/uploads\/sites\/20\/2022\/04\/burger-camping.jpg 600w, https:\/\/paludiers.geek-tonic.dev\/wp-content\/uploads\/sites\/20\/2022\/04\/burger-camping-300x200.jpg 300w\" sizes=\"(max-width: 600px) 100vw, 600px\" \/><\/a><\/figure>\n<\/div>\n<\/div>\n\n\r\n    <\/div>\r\n<\/section>\n\n<section id=\"ls-section-block_17ca4744b37077aef867b2e986316d41\" class=\"ls-section  page-maillage experience has-m-t m-t-0 has-p-t p-t-10\" >\r\n        <div class=\"container container--wide\">\r\n        \n\n<div id=\"ls-heading ls-titre-div-block_c586571e531220b920392a7ad6015c48\" class=\"ls-titre-div aligncenter h2-like\" >\n    <strong>Entdecken Sie unsere<\/strong> Dienstleistungen, unseren Pool und unsere Vermietungen<\/div>\n\n\n<div id=\"ls-maillage-block_e51851159729ed875bad69876afab445\" class=\"ls-maillage cta-style-normal\" data-rows=\"3\">\n    <div class=\"wp-block-columns\"><div class=\"wp-block-column\"><div id=\"destinations\" class=\"ls-cta\">\n\n<a href=\"https:\/\/paludiers.geek-tonic.dev\/de\/campingplatz-familien-batz-sur-mer\/\" target=\"\" rel=\"noopener\" class=\"ls-cta__link\">\n\n\t<div class=\"ls-cta__image\"><img decoding=\"async\" src=\"https:\/\/paludiers.geek-tonic.dev\/wp-content\/uploads\/sites\/20\/2021\/11\/camping-location-velo-batz-sur-mer.jpg\" alt=\"camping vermietung velo batz sur mer\"><\/div>\n\t<div class=\"ls-cta__title\">\n\t\tDienste\t<\/div>\n\n\t\t\n<\/a><\/div><\/div><div class=\"wp-block-column\"><div id=\"destinations\" class=\"ls-cta\">\n\n<a href=\"https:\/\/paludiers.geek-tonic.dev\/de\/vermietung-mobil-home-batz-sur-mer\/\" target=\"\" rel=\"noopener\" class=\"ls-cta__link\">\n\n\t<div class=\"ls-cta__image\"><img decoding=\"async\" src=\"https:\/\/paludiers.geek-tonic.dev\/wp-content\/uploads\/sites\/20\/2021\/11\/camping-location-mobil-home-guerande.jpg\" alt=\"campingplatz vermietung mobilheim guerande\"><\/div>\n\t<div class=\"ls-cta__title\">\n\t\tUnsere Vermietungen\t<\/div>\n\n\t\t\n<\/a><\/div><\/div><div class=\"wp-block-column\"><div id=\"destinations\" class=\"ls-cta\">\n\n<a href=\"https:\/\/paludiers.geek-tonic.dev\/de\/campingplatz-wasserpark-batz-sur-mer\/\" target=\"\" rel=\"noopener\" class=\"ls-cta__link\">\n\n\t<div class=\"ls-cta__image\"><img decoding=\"async\" src=\"https:\/\/paludiers.geek-tonic.dev\/wp-content\/uploads\/sites\/20\/2021\/11\/camping-piscine-couverte-batz-sur-mer.jpg\" alt=\"Campingplatz Hallenbad Batz sur Mer\"><\/div>\n\t<div class=\"ls-cta__title\">\n\t\tUnser Wasserpark\t<\/div>\n\n\t\t\n<\/a><\/div><\/div><\/div><\/div>\n\r\n    <\/div>\r\n<\/section>","protected":false},"excerpt":{"rendered":"","protected":false},"author":1,"featured_media":597,"parent":0,"menu_order":0,"comment_status":"closed","ping_status":"closed","template":"","meta":{"_acf_changed":false,"footnotes":""},"sujet":[],"class_list":["post-3038","page","type-page","status-publish","has-post-thumbnail","hentry"],"acf":[],"yoast_head":"<!-- This site is optimized with the Yoast SEO plugin v23.9 - https:\/\/yoast.com\/wordpress\/plugins\/seo\/ -->\n<title>Gastronomie in Batz-sur-Mer | Bar, Restaurant in Loire-Atlantique<\/title>\n<meta name=\"robots\" content=\"noindex, follow, max-snippet:-1, max-image-preview:large, max-video-preview:-1\" \/>\n<meta property=\"og:locale\" content=\"de_DE\" \/>\n<meta property=\"og:type\" content=\"article\" \/>\n<meta property=\"og:title\" content=\"Gastronomie in Batz-sur-Mer | Bar, Restaurant in Loire-Atlantique\" \/>\n<meta property=\"og:url\" content=\"https:\/\/paludiers.geek-tonic.dev\/de\/wiederherstellung-batz-sur-mer\/\" \/>\n<meta property=\"og:site_name\" content=\"Camping Les Paludiers\" \/>\n<meta property=\"article:modified_time\" content=\"2024-05-30T08:12:35+00:00\" \/>\n<meta property=\"og:image\" content=\"https:\/\/paludiers.geek-tonic.dev\/wp-content\/uploads\/sites\/20\/2021\/11\/camping-snack-bar-batz-sur-mer.jpg\" \/>\n\t<meta property=\"og:image:width\" content=\"1900\" \/>\n\t<meta property=\"og:image:height\" content=\"700\" \/>\n\t<meta property=\"og:image:type\" content=\"image\/jpeg\" \/>\n<meta name=\"twitter:card\" content=\"summary_large_image\" \/>\n<meta name=\"twitter:label1\" content=\"Gesch\u00e4tzte Lesezeit\" \/>\n\t<meta name=\"twitter:data1\" content=\"4\u00a0Minuten\" \/>\n<script type=\"application\/ld+json\" class=\"yoast-schema-graph\">{\"@context\":\"https:\/\/schema.org\",\"@graph\":[{\"@type\":\"WebPage\",\"@id\":\"https:\/\/paludiers.geek-tonic.dev\/de\/wiederherstellung-batz-sur-mer\/\",\"url\":\"https:\/\/paludiers.geek-tonic.dev\/de\/wiederherstellung-batz-sur-mer\/\",\"name\":\"Gastronomie in Batz-sur-Mer | Bar, Restaurant in Loire-Atlantique\",\"isPartOf\":{\"@id\":\"https:\/\/paludiers.geek-tonic.dev\/de\/#website\"},\"primaryImageOfPage\":{\"@id\":\"https:\/\/paludiers.geek-tonic.dev\/de\/wiederherstellung-batz-sur-mer\/#primaryimage\"},\"image\":{\"@id\":\"https:\/\/paludiers.geek-tonic.dev\/de\/wiederherstellung-batz-sur-mer\/#primaryimage\"},\"thumbnailUrl\":\"https:\/\/paludiers.geek-tonic.dev\/wp-content\/uploads\/sites\/20\/2021\/11\/camping-snack-bar-batz-sur-mer.jpg\",\"datePublished\":\"2021-09-28T14:41:18+00:00\",\"dateModified\":\"2024-05-30T08:12:35+00:00\",\"breadcrumb\":{\"@id\":\"https:\/\/paludiers.geek-tonic.dev\/de\/wiederherstellung-batz-sur-mer\/#breadcrumb\"},\"inLanguage\":\"de\",\"potentialAction\":[{\"@type\":\"ReadAction\",\"target\":[\"https:\/\/paludiers.geek-tonic.dev\/de\/wiederherstellung-batz-sur-mer\/\"]}]},{\"@type\":\"ImageObject\",\"inLanguage\":\"de\",\"@id\":\"https:\/\/paludiers.geek-tonic.dev\/de\/wiederherstellung-batz-sur-mer\/#primaryimage\",\"url\":\"https:\/\/paludiers.geek-tonic.dev\/wp-content\/uploads\/sites\/20\/2021\/11\/camping-snack-bar-batz-sur-mer.jpg\",\"contentUrl\":\"https:\/\/paludiers.geek-tonic.dev\/wp-content\/uploads\/sites\/20\/2021\/11\/camping-snack-bar-batz-sur-mer.jpg\",\"width\":1900,\"height\":700,\"caption\":\"Campingplatz Snackbar Batz sur Mer\"},{\"@type\":\"BreadcrumbList\",\"@id\":\"https:\/\/paludiers.geek-tonic.dev\/de\/wiederherstellung-batz-sur-mer\/#breadcrumb\",\"itemListElement\":[{\"@type\":\"ListItem\",\"position\":1,\"name\":\"Campingplatz Loire Atlantique\",\"item\":\"https:\/\/paludiers.geek-tonic.dev\/de\/startseite\/\"},{\"@type\":\"ListItem\",\"position\":2,\"name\":\"Gastronomie in Batz-sur-Mer\"}]},{\"@type\":\"WebSite\",\"@id\":\"https:\/\/paludiers.geek-tonic.dev\/de\/#website\",\"url\":\"https:\/\/paludiers.geek-tonic.dev\/de\/\",\"name\":\"Camping Les Paludiers\",\"description\":\"\",\"publisher\":{\"@id\":\"https:\/\/paludiers.geek-tonic.dev\/de\/#organization\"},\"potentialAction\":[{\"@type\":\"SearchAction\",\"target\":{\"@type\":\"EntryPoint\",\"urlTemplate\":\"https:\/\/paludiers.geek-tonic.dev\/de\/?s={search_term_string}\"},\"query-input\":{\"@type\":\"PropertyValueSpecification\",\"valueRequired\":true,\"valueName\":\"search_term_string\"}}],\"inLanguage\":\"de\"},{\"@type\":\"Organization\",\"@id\":\"https:\/\/paludiers.geek-tonic.dev\/de\/#organization\",\"name\":\"Camping Les Paludiers\",\"url\":\"https:\/\/paludiers.geek-tonic.dev\/de\/\",\"logo\":{\"@type\":\"ImageObject\",\"inLanguage\":\"de\",\"@id\":\"https:\/\/paludiers.geek-tonic.dev\/de\/#\/schema\/logo\/image\/\",\"url\":\"https:\/\/paludiers.geek-tonic.dev\/wp-content\/uploads\/sites\/20\/2024\/09\/cropped-logo-Flower-camping-Les-Paludiers.png\",\"contentUrl\":\"https:\/\/paludiers.geek-tonic.dev\/wp-content\/uploads\/sites\/20\/2024\/09\/cropped-logo-Flower-camping-Les-Paludiers.png\",\"width\":500,\"height\":660,\"caption\":\"Camping Les Paludiers\"},\"image\":{\"@id\":\"https:\/\/paludiers.geek-tonic.dev\/de\/#\/schema\/logo\/image\/\"}}]}<\/script>\n<!-- \/ Yoast SEO plugin. -->","yoast_head_json":{"title":"Gastronomie in Batz-sur-Mer | Bar, Restaurant in Loire-Atlantique","robots":{"index":"noindex","follow":"follow","max-snippet":"max-snippet:-1","max-image-preview":"max-image-preview:large","max-video-preview":"max-video-preview:-1"},"og_locale":"de_DE","og_type":"article","og_title":"Gastronomie in Batz-sur-Mer | Bar, Restaurant in Loire-Atlantique","og_url":"https:\/\/paludiers.geek-tonic.dev\/de\/wiederherstellung-batz-sur-mer\/","og_site_name":"Camping Les Paludiers","article_modified_time":"2024-05-30T08:12:35+00:00","og_image":[{"width":1900,"height":700,"url":"https:\/\/paludiers.geek-tonic.dev\/wp-content\/uploads\/sites\/20\/2021\/11\/camping-snack-bar-batz-sur-mer.jpg","type":"image\/jpeg"}],"twitter_card":"summary_large_image","twitter_misc":{"Gesch\u00e4tzte Lesezeit":"4\u00a0Minuten"},"schema":{"@context":"https:\/\/schema.org","@graph":[{"@type":"WebPage","@id":"https:\/\/paludiers.geek-tonic.dev\/de\/wiederherstellung-batz-sur-mer\/","url":"https:\/\/paludiers.geek-tonic.dev\/de\/wiederherstellung-batz-sur-mer\/","name":"Gastronomie in Batz-sur-Mer | Bar, Restaurant in Loire-Atlantique","isPartOf":{"@id":"https:\/\/paludiers.geek-tonic.dev\/de\/#website"},"primaryImageOfPage":{"@id":"https:\/\/paludiers.geek-tonic.dev\/de\/wiederherstellung-batz-sur-mer\/#primaryimage"},"image":{"@id":"https:\/\/paludiers.geek-tonic.dev\/de\/wiederherstellung-batz-sur-mer\/#primaryimage"},"thumbnailUrl":"https:\/\/paludiers.geek-tonic.dev\/wp-content\/uploads\/sites\/20\/2021\/11\/camping-snack-bar-batz-sur-mer.jpg","datePublished":"2021-09-28T14:41:18+00:00","dateModified":"2024-05-30T08:12:35+00:00","breadcrumb":{"@id":"https:\/\/paludiers.geek-tonic.dev\/de\/wiederherstellung-batz-sur-mer\/#breadcrumb"},"inLanguage":"de","potentialAction":[{"@type":"ReadAction","target":["https:\/\/paludiers.geek-tonic.dev\/de\/wiederherstellung-batz-sur-mer\/"]}]},{"@type":"ImageObject","inLanguage":"de","@id":"https:\/\/paludiers.geek-tonic.dev\/de\/wiederherstellung-batz-sur-mer\/#primaryimage","url":"https:\/\/paludiers.geek-tonic.dev\/wp-content\/uploads\/sites\/20\/2021\/11\/camping-snack-bar-batz-sur-mer.jpg","contentUrl":"https:\/\/paludiers.geek-tonic.dev\/wp-content\/uploads\/sites\/20\/2021\/11\/camping-snack-bar-batz-sur-mer.jpg","width":1900,"height":700,"caption":"Campingplatz Snackbar Batz sur Mer"},{"@type":"BreadcrumbList","@id":"https:\/\/paludiers.geek-tonic.dev\/de\/wiederherstellung-batz-sur-mer\/#breadcrumb","itemListElement":[{"@type":"ListItem","position":1,"name":"Campingplatz Loire Atlantique","item":"https:\/\/paludiers.geek-tonic.dev\/de\/startseite\/"},{"@type":"ListItem","position":2,"name":"Gastronomie in Batz-sur-Mer"}]},{"@type":"WebSite","@id":"https:\/\/paludiers.geek-tonic.dev\/de\/#website","url":"https:\/\/paludiers.geek-tonic.dev\/de\/","name":"Camping Les Paludiers","description":"","publisher":{"@id":"https:\/\/paludiers.geek-tonic.dev\/de\/#organization"},"potentialAction":[{"@type":"SearchAction","target":{"@type":"EntryPoint","urlTemplate":"https:\/\/paludiers.geek-tonic.dev\/de\/?s={search_term_string}"},"query-input":{"@type":"PropertyValueSpecification","valueRequired":true,"valueName":"search_term_string"}}],"inLanguage":"de"},{"@type":"Organization","@id":"https:\/\/paludiers.geek-tonic.dev\/de\/#organization","name":"Camping Les Paludiers","url":"https:\/\/paludiers.geek-tonic.dev\/de\/","logo":{"@type":"ImageObject","inLanguage":"de","@id":"https:\/\/paludiers.geek-tonic.dev\/de\/#\/schema\/logo\/image\/","url":"https:\/\/paludiers.geek-tonic.dev\/wp-content\/uploads\/sites\/20\/2024\/09\/cropped-logo-Flower-camping-Les-Paludiers.png","contentUrl":"https:\/\/paludiers.geek-tonic.dev\/wp-content\/uploads\/sites\/20\/2024\/09\/cropped-logo-Flower-camping-Les-Paludiers.png","width":500,"height":660,"caption":"Camping Les Paludiers"},"image":{"@id":"https:\/\/paludiers.geek-tonic.dev\/de\/#\/schema\/logo\/image\/"}}]}},"_links":{"self":[{"href":"https:\/\/paludiers.geek-tonic.dev\/de\/wp-json\/wp\/v2\/pages\/3038","targetHints":{"allow":["GET"]}}],"collection":[{"href":"https:\/\/paludiers.geek-tonic.dev\/de\/wp-json\/wp\/v2\/pages"}],"about":[{"href":"https:\/\/paludiers.geek-tonic.dev\/de\/wp-json\/wp\/v2\/types\/page"}],"author":[{"embeddable":true,"href":"https:\/\/paludiers.geek-tonic.dev\/de\/wp-json\/wp\/v2\/users\/1"}],"replies":[{"embeddable":true,"href":"https:\/\/paludiers.geek-tonic.dev\/de\/wp-json\/wp\/v2\/comments?post=3038"}],"version-history":[{"count":7,"href":"https:\/\/paludiers.geek-tonic.dev\/de\/wp-json\/wp\/v2\/pages\/3038\/revisions"}],"predecessor-version":[{"id":14736,"href":"https:\/\/paludiers.geek-tonic.dev\/de\/wp-json\/wp\/v2\/pages\/3038\/revisions\/14736"}],"wp:featuredmedia":[{"embeddable":true,"href":"https:\/\/paludiers.geek-tonic.dev\/de\/wp-json\/wp\/v2\/media\/597"}],"wp:attachment":[{"href":"https:\/\/paludiers.geek-tonic.dev\/de\/wp-json\/wp\/v2\/media?parent=3038"}],"wp:term":[{"taxonomy":"sujet","embeddable":true,"href":"https:\/\/paludiers.geek-tonic.dev\/de\/wp-json\/wp\/v2\/sujet?post=3038"}],"curies":[{"name":"wp","href":"https:\/\/api.w.org\/{rel}","templated":true}]}}