{"id":3074,"date":"2021-12-09T10:02:55","date_gmt":"2021-12-09T09:02:55","guid":{"rendered":"https:\/\/paludiers.geek-tonic.dev\/mentions-legales\/"},"modified":"2024-04-24T11:15:26","modified_gmt":"2024-04-24T09:15:26","slug":"legale-erwahnungen","status":"publish","type":"page","link":"https:\/\/paludiers.geek-tonic.dev\/de\/legale-erwahnungen\/","title":{"rendered":"Rechtliche Hinweise"},"content":{"rendered":"<section id=\"ls-section-block_97a76abe269226cd00ec4577b25a73fc\" class=\"ls-section  has-background has-color-4-background-color has-m-t m-t-0 has-m-b m-b-0\" >\r\n        <div class=\"container container--wide\">\r\n        \n\n<h1 class=\"ls__heading wp-block-heading has-text-align-center ls__heading-undefined has-color-1-color has-text-color has-large-font-size\"> RECHTLICHE HINWEISE <\/h1>\n\n\n\n<h2 class=\"ls__heading wp-block-heading ls__heading-undefined has-color-1-color has-text-color\">Herausgeber der Website<\/h2>\n\n\n\n<p class=\"ls-paragraph ls__paragraph\">&#8222;paludiers.geek-tonic.dev&#8220; ist die Website des Campingplatzes Camping Les Paludiers, dessen Sitz sich in :<br\/>Flower Exploitation Campingpl\u00e4tze Les Paludiers<br\/>16, Avenue Charles de Gaulle<br\/>31130 Balma<br\/>Telefon: 02 40 60 17 28<br\/>E-Mail: paludiers@flowercampings.com<\/p>\n\n\n\n<p class=\"ls-paragraph ls__paragraph\"><strong>Siret <\/strong>: 51244588300139<br\/><strong>Intracomunautaire MwSt. <\/strong>: DE 84 512445883<br\/><strong>Kapital <\/strong>: 10.000 \u20ac<\/p>\n\n\n\n<p class=\"ls-paragraph\">Verantwortlich f\u00fcr die Ver\u00f6ffentlichung: Nad\u00e8ge Papa\u00efx in ihrer Eigenschaft als kaufm\u00e4nnische Leiterin<\/p>\n\n\n\n<h2 class=\"ls__heading wp-block-heading ls__heading-undefined has-color-1-color has-text-color\">Realisierung<\/h2>\n\n\n\n<p class=\"ls-paragraph ls__paragraph\">GEEKTONIC<br\/>Vertreten durch Herrn Yohan Darmayan in seiner Eigenschaft als Gesch\u00e4ftsf\u00fchrer<br\/>Hauptsitz: 50 AV DU LAC MARION 64200 BIARRITZ<br\/>Tel.: 05 32 74 11 52<br\/>E-Mail: support@geek-tonic.com<br\/>Website: <a href=\"https:\/\/www.geek-tonic.com\" target=\"_blank\" rel=\"noreferrer noopener\">www.geek-tonic.com<br\/><\/a><br\/>SIRET: 89746755100015<br\/>APE: 6201Z<\/p>\n\n\n\n<h2 class=\"ls__heading wp-block-heading ls__heading-undefined has-color-1-color has-text-color\">Urheberrecht und Copyrights<\/h2>\n\n\n\n<p class=\"ls-paragraph ls__paragraph\">Der gesamte Inhalt dieser Website unterliegt dem Urheberrecht sowie dem geistigen Eigentum der franz\u00f6sischen Gesetzgebung. Jede Vervielf\u00e4ltigung (einschlie\u00dflich Fotos, Icons und herunterladbarer Dokumente) ist ohne vorherige Zustimmung von GEEKTONIC untersagt. Die Vervielf\u00e4ltigung der gesamten oder eines Teils der Website in Papierform oder in elektronischer Form auf einem elektronischen Datentr\u00e4ger ist verboten. GEEKTONIC \u00fcbernimmt keine Verantwortung f\u00fcr den Inhalt auf der Website. GEEKTONIC \u00fcbernimmt auch keine Verantwortung f\u00fcr externe Links, die auf diese Website verweisen.<\/p>\n\n\n\n<h2 class=\"ls__heading wp-block-heading ls__heading-undefined has-color-1-color has-text-color\">Pers\u00f6nliche Daten und namentliche Informationen<\/h2>\n\n\n\n<p class=\"ls-paragraph ls__paragraph\">Sie haben ein Recht auf Zugang, \u00c4nderung, Berichtigung und L\u00f6schung der Sie betreffenden Daten gem\u00e4\u00df Artikel 34 des Gesetzes &#8222;Informatique et Libert\u00e9s&#8220; Nr. 78-17 vom 6. Januar 1978, ge\u00e4ndert am 6. August 2018. Um dieses Zugangsrecht auszu\u00fcben, k\u00f6nnen Sie eine einfache schriftliche Anfrage an den Herausgeber der Website richten.<\/p>\n\n\n\n<h2 class=\"ls__heading wp-block-heading ls__heading-undefined has-color-1-color has-text-color\">Gesetzgebung<\/h2>\n\n\n\n<p class=\"ls-paragraph ls__paragraph\">Gem\u00e4\u00df dem Gesetz vom 11. M\u00e4rz 1957 (Art. 41) und dem Gesetzbuch \u00fcber geistiges Eigentum vom 1. Juli 1992 ist es verboten, einen Teil der Website ohne vorherige Genehmigung des Herausgebers der Website teilweise oder vollst\u00e4ndig zu reproduzieren. Die Logos, Bilder, Fotos, Videos, Grafiken und Texte sind Eigentum ihrer jeweiligen Besitzer. Diese Website kann ohne ihr Wissen mit anderen Websites durch Hypermedia-Links verbunden sein. Der Herausgeber der Website \u00fcbernimmt keine Verantwortung f\u00fcr die Informationen auf diesen anderen Websites. Der Internetnutzer erkennt an, dass die Nutzung dieser Website dem franz\u00f6sischen Recht unterliegt.<\/p>\n\n\r\n    <\/div>\r\n<\/section>","protected":false},"excerpt":{"rendered":"","protected":false},"author":1,"featured_media":313,"parent":0,"menu_order":0,"comment_status":"closed","ping_status":"closed","template":"","meta":{"_acf_changed":false,"footnotes":""},"sujet":[],"class_list":["post-3074","page","type-page","status-publish","has-post-thumbnail","hentry"],"acf":[],"yoast_head":"<!-- This site is optimized with the Yoast SEO plugin v23.9 - https:\/\/yoast.com\/wordpress\/plugins\/seo\/ -->\n<title>Rechtliche Hinweise - Camping Les Paludiers<\/title>\n<meta name=\"robots\" content=\"noindex, nofollow\" \/>\n<meta property=\"og:locale\" content=\"de_DE\" \/>\n<meta property=\"og:type\" content=\"article\" \/>\n<meta property=\"og:title\" content=\"Rechtliche Hinweise - Camping Les Paludiers\" \/>\n<meta property=\"og:url\" content=\"https:\/\/paludiers.geek-tonic.dev\/de\/legale-erwahnungen\/\" \/>\n<meta property=\"og:site_name\" content=\"Camping Les Paludiers\" \/>\n<meta property=\"article:modified_time\" content=\"2024-04-24T09:15:26+00:00\" \/>\n<meta property=\"og:image\" content=\"https:\/\/paludiers.geek-tonic.dev\/wp-content\/uploads\/sites\/20\/2021\/09\/camping-les-paludiers-1.jpg\" \/>\n\t<meta property=\"og:image:width\" content=\"1903\" \/>\n\t<meta property=\"og:image:height\" content=\"836\" \/>\n\t<meta property=\"og:image:type\" content=\"image\/jpeg\" \/>\n<meta name=\"twitter:card\" content=\"summary_large_image\" \/>\n<meta name=\"twitter:label1\" content=\"Gesch\u00e4tzte Lesezeit\" \/>\n\t<meta name=\"twitter:data1\" content=\"2\u00a0Minuten\" \/>\n<script type=\"application\/ld+json\" class=\"yoast-schema-graph\">{\"@context\":\"https:\/\/schema.org\",\"@graph\":[{\"@type\":\"WebPage\",\"@id\":\"https:\/\/paludiers.geek-tonic.dev\/de\/legale-erwahnungen\/\",\"url\":\"https:\/\/paludiers.geek-tonic.dev\/de\/legale-erwahnungen\/\",\"name\":\"Rechtliche Hinweise - Camping Les Paludiers\",\"isPartOf\":{\"@id\":\"https:\/\/paludiers.geek-tonic.dev\/de\/#website\"},\"primaryImageOfPage\":{\"@id\":\"https:\/\/paludiers.geek-tonic.dev\/de\/legale-erwahnungen\/#primaryimage\"},\"image\":{\"@id\":\"https:\/\/paludiers.geek-tonic.dev\/de\/legale-erwahnungen\/#primaryimage\"},\"thumbnailUrl\":\"https:\/\/paludiers.geek-tonic.dev\/wp-content\/uploads\/sites\/20\/2021\/09\/camping-les-paludiers-1.jpg\",\"datePublished\":\"2021-12-09T09:02:55+00:00\",\"dateModified\":\"2024-04-24T09:15:26+00:00\",\"breadcrumb\":{\"@id\":\"https:\/\/paludiers.geek-tonic.dev\/de\/legale-erwahnungen\/#breadcrumb\"},\"inLanguage\":\"de\",\"potentialAction\":[{\"@type\":\"ReadAction\",\"target\":[\"https:\/\/paludiers.geek-tonic.dev\/de\/legale-erwahnungen\/\"]}]},{\"@type\":\"ImageObject\",\"inLanguage\":\"de\",\"@id\":\"https:\/\/paludiers.geek-tonic.dev\/de\/legale-erwahnungen\/#primaryimage\",\"url\":\"https:\/\/paludiers.geek-tonic.dev\/wp-content\/uploads\/sites\/20\/2021\/09\/camping-les-paludiers-1.jpg\",\"contentUrl\":\"https:\/\/paludiers.geek-tonic.dev\/wp-content\/uploads\/sites\/20\/2021\/09\/camping-les-paludiers-1.jpg\",\"width\":1903,\"height\":836,\"caption\":\"Campingplatz Les Paludiers\"},{\"@type\":\"BreadcrumbList\",\"@id\":\"https:\/\/paludiers.geek-tonic.dev\/de\/legale-erwahnungen\/#breadcrumb\",\"itemListElement\":[{\"@type\":\"ListItem\",\"position\":1,\"name\":\"Campingplatz Loire Atlantique\",\"item\":\"https:\/\/paludiers.geek-tonic.dev\/de\/startseite\/\"},{\"@type\":\"ListItem\",\"position\":2,\"name\":\"Rechtliche Hinweise\"}]},{\"@type\":\"WebSite\",\"@id\":\"https:\/\/paludiers.geek-tonic.dev\/de\/#website\",\"url\":\"https:\/\/paludiers.geek-tonic.dev\/de\/\",\"name\":\"Camping Les Paludiers\",\"description\":\"\",\"publisher\":{\"@id\":\"https:\/\/paludiers.geek-tonic.dev\/de\/#organization\"},\"potentialAction\":[{\"@type\":\"SearchAction\",\"target\":{\"@type\":\"EntryPoint\",\"urlTemplate\":\"https:\/\/paludiers.geek-tonic.dev\/de\/?s={search_term_string}\"},\"query-input\":{\"@type\":\"PropertyValueSpecification\",\"valueRequired\":true,\"valueName\":\"search_term_string\"}}],\"inLanguage\":\"de\"},{\"@type\":\"Organization\",\"@id\":\"https:\/\/paludiers.geek-tonic.dev\/de\/#organization\",\"name\":\"Camping Les Paludiers\",\"url\":\"https:\/\/paludiers.geek-tonic.dev\/de\/\",\"logo\":{\"@type\":\"ImageObject\",\"inLanguage\":\"de\",\"@id\":\"https:\/\/paludiers.geek-tonic.dev\/de\/#\/schema\/logo\/image\/\",\"url\":\"https:\/\/paludiers.geek-tonic.dev\/wp-content\/uploads\/sites\/20\/2024\/09\/cropped-logo-Flower-camping-Les-Paludiers.png\",\"contentUrl\":\"https:\/\/paludiers.geek-tonic.dev\/wp-content\/uploads\/sites\/20\/2024\/09\/cropped-logo-Flower-camping-Les-Paludiers.png\",\"width\":500,\"height\":660,\"caption\":\"Camping Les Paludiers\"},\"image\":{\"@id\":\"https:\/\/paludiers.geek-tonic.dev\/de\/#\/schema\/logo\/image\/\"}}]}<\/script>\n<!-- \/ Yoast SEO plugin. -->","yoast_head_json":{"title":"Rechtliche Hinweise - Camping Les Paludiers","robots":{"index":"noindex","follow":"nofollow"},"og_locale":"de_DE","og_type":"article","og_title":"Rechtliche Hinweise - Camping Les Paludiers","og_url":"https:\/\/paludiers.geek-tonic.dev\/de\/legale-erwahnungen\/","og_site_name":"Camping Les Paludiers","article_modified_time":"2024-04-24T09:15:26+00:00","og_image":[{"width":1903,"height":836,"url":"https:\/\/paludiers.geek-tonic.dev\/wp-content\/uploads\/sites\/20\/2021\/09\/camping-les-paludiers-1.jpg","type":"image\/jpeg"}],"twitter_card":"summary_large_image","twitter_misc":{"Gesch\u00e4tzte Lesezeit":"2\u00a0Minuten"},"schema":{"@context":"https:\/\/schema.org","@graph":[{"@type":"WebPage","@id":"https:\/\/paludiers.geek-tonic.dev\/de\/legale-erwahnungen\/","url":"https:\/\/paludiers.geek-tonic.dev\/de\/legale-erwahnungen\/","name":"Rechtliche Hinweise - Camping Les Paludiers","isPartOf":{"@id":"https:\/\/paludiers.geek-tonic.dev\/de\/#website"},"primaryImageOfPage":{"@id":"https:\/\/paludiers.geek-tonic.dev\/de\/legale-erwahnungen\/#primaryimage"},"image":{"@id":"https:\/\/paludiers.geek-tonic.dev\/de\/legale-erwahnungen\/#primaryimage"},"thumbnailUrl":"https:\/\/paludiers.geek-tonic.dev\/wp-content\/uploads\/sites\/20\/2021\/09\/camping-les-paludiers-1.jpg","datePublished":"2021-12-09T09:02:55+00:00","dateModified":"2024-04-24T09:15:26+00:00","breadcrumb":{"@id":"https:\/\/paludiers.geek-tonic.dev\/de\/legale-erwahnungen\/#breadcrumb"},"inLanguage":"de","potentialAction":[{"@type":"ReadAction","target":["https:\/\/paludiers.geek-tonic.dev\/de\/legale-erwahnungen\/"]}]},{"@type":"ImageObject","inLanguage":"de","@id":"https:\/\/paludiers.geek-tonic.dev\/de\/legale-erwahnungen\/#primaryimage","url":"https:\/\/paludiers.geek-tonic.dev\/wp-content\/uploads\/sites\/20\/2021\/09\/camping-les-paludiers-1.jpg","contentUrl":"https:\/\/paludiers.geek-tonic.dev\/wp-content\/uploads\/sites\/20\/2021\/09\/camping-les-paludiers-1.jpg","width":1903,"height":836,"caption":"Campingplatz Les Paludiers"},{"@type":"BreadcrumbList","@id":"https:\/\/paludiers.geek-tonic.dev\/de\/legale-erwahnungen\/#breadcrumb","itemListElement":[{"@type":"ListItem","position":1,"name":"Campingplatz Loire Atlantique","item":"https:\/\/paludiers.geek-tonic.dev\/de\/startseite\/"},{"@type":"ListItem","position":2,"name":"Rechtliche Hinweise"}]},{"@type":"WebSite","@id":"https:\/\/paludiers.geek-tonic.dev\/de\/#website","url":"https:\/\/paludiers.geek-tonic.dev\/de\/","name":"Camping Les Paludiers","description":"","publisher":{"@id":"https:\/\/paludiers.geek-tonic.dev\/de\/#organization"},"potentialAction":[{"@type":"SearchAction","target":{"@type":"EntryPoint","urlTemplate":"https:\/\/paludiers.geek-tonic.dev\/de\/?s={search_term_string}"},"query-input":{"@type":"PropertyValueSpecification","valueRequired":true,"valueName":"search_term_string"}}],"inLanguage":"de"},{"@type":"Organization","@id":"https:\/\/paludiers.geek-tonic.dev\/de\/#organization","name":"Camping Les Paludiers","url":"https:\/\/paludiers.geek-tonic.dev\/de\/","logo":{"@type":"ImageObject","inLanguage":"de","@id":"https:\/\/paludiers.geek-tonic.dev\/de\/#\/schema\/logo\/image\/","url":"https:\/\/paludiers.geek-tonic.dev\/wp-content\/uploads\/sites\/20\/2024\/09\/cropped-logo-Flower-camping-Les-Paludiers.png","contentUrl":"https:\/\/paludiers.geek-tonic.dev\/wp-content\/uploads\/sites\/20\/2024\/09\/cropped-logo-Flower-camping-Les-Paludiers.png","width":500,"height":660,"caption":"Camping Les Paludiers"},"image":{"@id":"https:\/\/paludiers.geek-tonic.dev\/de\/#\/schema\/logo\/image\/"}}]}},"_links":{"self":[{"href":"https:\/\/paludiers.geek-tonic.dev\/de\/wp-json\/wp\/v2\/pages\/3074","targetHints":{"allow":["GET"]}}],"collection":[{"href":"https:\/\/paludiers.geek-tonic.dev\/de\/wp-json\/wp\/v2\/pages"}],"about":[{"href":"https:\/\/paludiers.geek-tonic.dev\/de\/wp-json\/wp\/v2\/types\/page"}],"author":[{"embeddable":true,"href":"https:\/\/paludiers.geek-tonic.dev\/de\/wp-json\/wp\/v2\/users\/1"}],"replies":[{"embeddable":true,"href":"https:\/\/paludiers.geek-tonic.dev\/de\/wp-json\/wp\/v2\/comments?post=3074"}],"version-history":[{"count":9,"href":"https:\/\/paludiers.geek-tonic.dev\/de\/wp-json\/wp\/v2\/pages\/3074\/revisions"}],"predecessor-version":[{"id":13210,"href":"https:\/\/paludiers.geek-tonic.dev\/de\/wp-json\/wp\/v2\/pages\/3074\/revisions\/13210"}],"wp:featuredmedia":[{"embeddable":true,"href":"https:\/\/paludiers.geek-tonic.dev\/de\/wp-json\/wp\/v2\/media\/313"}],"wp:attachment":[{"href":"https:\/\/paludiers.geek-tonic.dev\/de\/wp-json\/wp\/v2\/media?parent=3074"}],"wp:term":[{"taxonomy":"sujet","embeddable":true,"href":"https:\/\/paludiers.geek-tonic.dev\/de\/wp-json\/wp\/v2\/sujet?post=3074"}],"curies":[{"name":"wp","href":"https:\/\/api.w.org\/{rel}","templated":true}]}}